{"id":726,"date":"2021-02-18T00:22:33","date_gmt":"2021-02-17T23:22:33","guid":{"rendered":"https:\/\/perfectbot.ai\/?page_id=726"},"modified":"2025-03-14T15:43:11","modified_gmt":"2025-03-14T14:43:11","slug":"o-nas2","status":"publish","type":"page","link":"https:\/\/perfectbot.ai\/pl\/o-nas2\/","title":{"rendered":"O nas"},"content":{"rendered":"","protected":false},"excerpt":{"rendered":"","protected":false},"author":1,"featured_media":0,"parent":0,"menu_order":0,"comment_status":"closed","ping_status":"closed","template":"page-about.php","meta":[],"acf":[],"yoast_head":"<!-- This site is optimized with the Yoast SEO plugin v20.6 - https:\/\/yoast.com\/wordpress\/plugins\/seo\/ -->\n<title>O nas | PerfectBot<\/title>\n<meta name=\"description\" content=\"Tworzymy chatboty drugiej generacji. Pierwsze boty, kt\u00f3re rozumiej\u0105 wi\u0119kszo\u015b\u0107 pyta\u0144 klient\u00f3w, dzi\u0119ki czemu realnie odci\u0105\u017caj\u0105 Contact Center.\" \/>\n<meta name=\"robots\" content=\"noindex, nofollow\" \/>\n<meta property=\"og:locale\" content=\"pl_PL\" \/>\n<meta property=\"og:type\" content=\"article\" \/>\n<meta property=\"og:title\" content=\"O nas | PerfectBot\" \/>\n<meta property=\"og:description\" content=\"Tworzymy chatboty drugiej generacji. Pierwsze boty, kt\u00f3re rozumiej\u0105 wi\u0119kszo\u015b\u0107 pyta\u0144 klient\u00f3w, dzi\u0119ki czemu realnie odci\u0105\u017caj\u0105 Contact Center.\" \/>\n<meta property=\"og:url\" content=\"https:\/\/perfectbot.ai\/pl\/o-nas2\/\" \/>\n<meta property=\"og:site_name\" content=\"PerfectBot\" \/>\n<meta property=\"article:publisher\" content=\"https:\/\/www.facebook.com\/PerfectBot\/\" \/>\n<meta property=\"article:modified_time\" content=\"2025-03-14T14:43:11+00:00\" \/>\n<meta name=\"twitter:card\" content=\"summary_large_image\" \/>\n<script type=\"application\/ld+json\" class=\"yoast-schema-graph\">{\"@context\":\"https:\/\/schema.org\",\"@graph\":[{\"@type\":\"WebPage\",\"@id\":\"https:\/\/perfectbot.ai\/pl\/o-nas2\/\",\"url\":\"https:\/\/perfectbot.ai\/pl\/o-nas2\/\",\"name\":\"O nas | PerfectBot\",\"isPartOf\":{\"@id\":\"https:\/\/perfectbot.ai\/pl\/#website\"},\"datePublished\":\"2021-02-17T23:22:33+00:00\",\"dateModified\":\"2025-03-14T14:43:11+00:00\",\"description\":\"Tworzymy chatboty drugiej generacji. Pierwsze boty, kt\u00f3re rozumiej\u0105 wi\u0119kszo\u015b\u0107 pyta\u0144 klient\u00f3w, dzi\u0119ki czemu realnie odci\u0105\u017caj\u0105 Contact Center.\",\"breadcrumb\":{\"@id\":\"https:\/\/perfectbot.ai\/pl\/o-nas2\/#breadcrumb\"},\"inLanguage\":\"pl-PL\",\"potentialAction\":[{\"@type\":\"ReadAction\",\"target\":[\"https:\/\/perfectbot.ai\/pl\/o-nas2\/\"]}]},{\"@type\":\"BreadcrumbList\",\"@id\":\"https:\/\/perfectbot.ai\/pl\/o-nas2\/#breadcrumb\",\"itemListElement\":[{\"@type\":\"ListItem\",\"position\":1,\"name\":\"Strona g\u0142\u00f3wna\",\"item\":\"https:\/\/perfectbot.ai\/pl\/\"},{\"@type\":\"ListItem\",\"position\":2,\"name\":\"O nas\"}]},{\"@type\":\"WebSite\",\"@id\":\"https:\/\/perfectbot.ai\/pl\/#website\",\"url\":\"https:\/\/perfectbot.ai\/pl\/\",\"name\":\"PerfectBot\",\"description\":\"AI Chatbot dla Ecommerce\",\"publisher\":{\"@id\":\"https:\/\/perfectbot.ai\/pl\/#organization\"},\"potentialAction\":[{\"@type\":\"SearchAction\",\"target\":{\"@type\":\"EntryPoint\",\"urlTemplate\":\"https:\/\/perfectbot.ai\/pl\/?s={search_term_string}\"},\"query-input\":\"required name=search_term_string\"}],\"inLanguage\":\"pl-PL\"},{\"@type\":\"Organization\",\"@id\":\"https:\/\/perfectbot.ai\/pl\/#organization\",\"name\":\"PerfectBot\",\"url\":\"https:\/\/perfectbot.ai\/pl\/\",\"logo\":{\"@type\":\"ImageObject\",\"inLanguage\":\"pl-PL\",\"@id\":\"https:\/\/perfectbot.ai\/pl\/#\/schema\/logo\/image\/\",\"url\":\"https:\/\/perfectbot.ai\/pl\/wp-content\/uploads\/2021\/03\/perfectbot_logo.png\",\"contentUrl\":\"https:\/\/perfectbot.ai\/pl\/wp-content\/uploads\/2021\/03\/perfectbot_logo.png\",\"width\":2000,\"height\":361,\"caption\":\"PerfectBot\"},\"image\":{\"@id\":\"https:\/\/perfectbot.ai\/pl\/#\/schema\/logo\/image\/\"},\"sameAs\":[\"https:\/\/www.facebook.com\/PerfectBot\/\"]}]}<\/script>\n<!-- \/ Yoast SEO plugin. -->","yoast_head_json":{"title":"O nas | PerfectBot","description":"Tworzymy chatboty drugiej generacji. Pierwsze boty, kt\u00f3re rozumiej\u0105 wi\u0119kszo\u015b\u0107 pyta\u0144 klient\u00f3w, dzi\u0119ki czemu realnie odci\u0105\u017caj\u0105 Contact Center.","robots":{"index":"noindex","follow":"nofollow"},"og_locale":"pl_PL","og_type":"article","og_title":"O nas | PerfectBot","og_description":"Tworzymy chatboty drugiej generacji. Pierwsze boty, kt\u00f3re rozumiej\u0105 wi\u0119kszo\u015b\u0107 pyta\u0144 klient\u00f3w, dzi\u0119ki czemu realnie odci\u0105\u017caj\u0105 Contact Center.","og_url":"https:\/\/perfectbot.ai\/pl\/o-nas2\/","og_site_name":"PerfectBot","article_publisher":"https:\/\/www.facebook.com\/PerfectBot\/","article_modified_time":"2025-03-14T14:43:11+00:00","twitter_card":"summary_large_image","schema":{"@context":"https:\/\/schema.org","@graph":[{"@type":"WebPage","@id":"https:\/\/perfectbot.ai\/pl\/o-nas2\/","url":"https:\/\/perfectbot.ai\/pl\/o-nas2\/","name":"O nas | PerfectBot","isPartOf":{"@id":"https:\/\/perfectbot.ai\/pl\/#website"},"datePublished":"2021-02-17T23:22:33+00:00","dateModified":"2025-03-14T14:43:11+00:00","description":"Tworzymy chatboty drugiej generacji. Pierwsze boty, kt\u00f3re rozumiej\u0105 wi\u0119kszo\u015b\u0107 pyta\u0144 klient\u00f3w, dzi\u0119ki czemu realnie odci\u0105\u017caj\u0105 Contact Center.","breadcrumb":{"@id":"https:\/\/perfectbot.ai\/pl\/o-nas2\/#breadcrumb"},"inLanguage":"pl-PL","potentialAction":[{"@type":"ReadAction","target":["https:\/\/perfectbot.ai\/pl\/o-nas2\/"]}]},{"@type":"BreadcrumbList","@id":"https:\/\/perfectbot.ai\/pl\/o-nas2\/#breadcrumb","itemListElement":[{"@type":"ListItem","position":1,"name":"Strona g\u0142\u00f3wna","item":"https:\/\/perfectbot.ai\/pl\/"},{"@type":"ListItem","position":2,"name":"O nas"}]},{"@type":"WebSite","@id":"https:\/\/perfectbot.ai\/pl\/#website","url":"https:\/\/perfectbot.ai\/pl\/","name":"PerfectBot","description":"AI Chatbot dla Ecommerce","publisher":{"@id":"https:\/\/perfectbot.ai\/pl\/#organization"},"potentialAction":[{"@type":"SearchAction","target":{"@type":"EntryPoint","urlTemplate":"https:\/\/perfectbot.ai\/pl\/?s={search_term_string}"},"query-input":"required name=search_term_string"}],"inLanguage":"pl-PL"},{"@type":"Organization","@id":"https:\/\/perfectbot.ai\/pl\/#organization","name":"PerfectBot","url":"https:\/\/perfectbot.ai\/pl\/","logo":{"@type":"ImageObject","inLanguage":"pl-PL","@id":"https:\/\/perfectbot.ai\/pl\/#\/schema\/logo\/image\/","url":"https:\/\/perfectbot.ai\/pl\/wp-content\/uploads\/2021\/03\/perfectbot_logo.png","contentUrl":"https:\/\/perfectbot.ai\/pl\/wp-content\/uploads\/2021\/03\/perfectbot_logo.png","width":2000,"height":361,"caption":"PerfectBot"},"image":{"@id":"https:\/\/perfectbot.ai\/pl\/#\/schema\/logo\/image\/"},"sameAs":["https:\/\/www.facebook.com\/PerfectBot\/"]}]}},"_links":{"self":[{"href":"https:\/\/perfectbot.ai\/pl\/wp-json\/wp\/v2\/pages\/726"}],"collection":[{"href":"https:\/\/perfectbot.ai\/pl\/wp-json\/wp\/v2\/pages"}],"about":[{"href":"https:\/\/perfectbot.ai\/pl\/wp-json\/wp\/v2\/types\/page"}],"author":[{"embeddable":true,"href":"https:\/\/perfectbot.ai\/pl\/wp-json\/wp\/v2\/users\/1"}],"replies":[{"embeddable":true,"href":"https:\/\/perfectbot.ai\/pl\/wp-json\/wp\/v2\/comments?post=726"}],"version-history":[{"count":14,"href":"https:\/\/perfectbot.ai\/pl\/wp-json\/wp\/v2\/pages\/726\/revisions"}],"predecessor-version":[{"id":2752,"href":"https:\/\/perfectbot.ai\/pl\/wp-json\/wp\/v2\/pages\/726\/revisions\/2752"}],"wp:attachment":[{"href":"https:\/\/perfectbot.ai\/pl\/wp-json\/wp\/v2\/media?parent=726"}],"curies":[{"name":"wp","href":"https:\/\/api.w.org\/{rel}","templated":true}]}}